{"id":1782,"date":"2022-08-23T09:32:20","date_gmt":"2022-08-23T09:32:20","guid":{"rendered":"https:\/\/folievillage.landmark-test.com\/?page_id=1782"},"modified":"2023-03-03T10:29:57","modified_gmt":"2023-03-03T10:29:57","slug":"home-page","status":"publish","type":"page","link":"https:\/\/folievillage.com\/sq\/","title":{"rendered":"Kryefaqja"},"content":{"rendered":"","protected":false},"excerpt":{"rendered":"","protected":false},"author":1,"featured_media":0,"parent":0,"menu_order":0,"comment_status":"closed","ping_status":"closed","template":"front-page.php","meta":{"_acf_changed":false,"footnotes":""},"class_list":["post-1782","page","type-page","status-publish","hentry"],"acf":[],"yoast_head":"<!-- This site is optimized with the Yoast SEO plugin v25.2 - https:\/\/yoast.com\/wordpress\/plugins\/seo\/ -->\n<title>Folie Village - Folie Village<\/title>\n<meta name=\"description\" content=\"Vila dhe apartamente luksoze, moderne, t\u00eb nivelit t\u00eb lart\u00eb, t\u00eb kuruara me kujdes n\u00eb destinacionin m\u00eb ikonik dhe unik t\u00eb Mesdheut..\" \/>\n<meta name=\"robots\" content=\"index, follow, max-snippet:-1, max-image-preview:large, max-video-preview:-1\" \/>\n<link rel=\"canonical\" href=\"https:\/\/folievillage.com\/sq\/\" \/>\n<meta property=\"og:locale\" content=\"sq_AL\" \/>\n<meta property=\"og:type\" content=\"article\" \/>\n<meta property=\"og:title\" content=\"Folie Village - Folie Village\" \/>\n<meta property=\"og:description\" content=\"Vila dhe apartamente luksoze, moderne, t\u00eb nivelit t\u00eb lart\u00eb, t\u00eb kuruara me kujdes n\u00eb destinacionin m\u00eb ikonik dhe unik t\u00eb Mesdheut..\" \/>\n<meta property=\"og:url\" content=\"https:\/\/folievillage.com\/sq\/\" \/>\n<meta property=\"og:site_name\" content=\"Folie Village\" \/>\n<meta property=\"article:modified_time\" content=\"2023-03-03T10:29:57+00:00\" \/>\n<meta name=\"twitter:card\" content=\"summary_large_image\" \/>\n<script type=\"application\/ld+json\" class=\"yoast-schema-graph\">{\"@context\":\"https:\/\/schema.org\",\"@graph\":[{\"@type\":\"WebPage\",\"@id\":\"https:\/\/folievillage.com\/sq\/\",\"url\":\"https:\/\/folievillage.com\/sq\/\",\"name\":\"Folie Village - Folie Village\",\"isPartOf\":{\"@id\":\"https:\/\/folievillage.com\/#website\"},\"datePublished\":\"2022-08-23T09:32:20+00:00\",\"dateModified\":\"2023-03-03T10:29:57+00:00\",\"description\":\"Vila dhe apartamente luksoze, moderne, t\u00eb nivelit t\u00eb lart\u00eb, t\u00eb kuruara me kujdes n\u00eb destinacionin m\u00eb ikonik dhe unik t\u00eb Mesdheut..\",\"breadcrumb\":{\"@id\":\"https:\/\/folievillage.com\/sq\/#breadcrumb\"},\"inLanguage\":\"sq-AL\",\"potentialAction\":[{\"@type\":\"ReadAction\",\"target\":[\"https:\/\/folievillage.com\/sq\/\"]}]},{\"@type\":\"BreadcrumbList\",\"@id\":\"https:\/\/folievillage.com\/sq\/#breadcrumb\",\"itemListElement\":[{\"@type\":\"ListItem\",\"position\":1,\"name\":\"Home\",\"item\":\"https:\/\/folievillage.com\/sq\/\"},{\"@type\":\"ListItem\",\"position\":2,\"name\":\"Kryefaqja\"}]},{\"@type\":\"WebSite\",\"@id\":\"https:\/\/folievillage.com\/#website\",\"url\":\"https:\/\/folievillage.com\/\",\"name\":\"Folie Village\",\"description\":\"Folie Village\",\"publisher\":{\"@id\":\"https:\/\/folievillage.com\/#organization\"},\"potentialAction\":[{\"@type\":\"SearchAction\",\"target\":{\"@type\":\"EntryPoint\",\"urlTemplate\":\"https:\/\/folievillage.com\/?s={search_term_string}\"},\"query-input\":{\"@type\":\"PropertyValueSpecification\",\"valueRequired\":true,\"valueName\":\"search_term_string\"}}],\"inLanguage\":\"sq-AL\"},{\"@type\":\"Organization\",\"@id\":\"https:\/\/folievillage.com\/#organization\",\"name\":\"Folie Village\",\"url\":\"https:\/\/folievillage.com\/\",\"logo\":{\"@type\":\"ImageObject\",\"inLanguage\":\"sq-AL\",\"@id\":\"https:\/\/folievillage.com\/#\/schema\/logo\/image\/\",\"url\":\"https:\/\/folievillage.com\/wp-content\/uploads\/2023\/05\/Logo-Folie.png\",\"contentUrl\":\"https:\/\/folievillage.com\/wp-content\/uploads\/2023\/05\/Logo-Folie.png\",\"width\":1051,\"height\":582,\"caption\":\"Folie Village\"},\"image\":{\"@id\":\"https:\/\/folievillage.com\/#\/schema\/logo\/image\/\"}}]}<\/script>\n<!-- \/ Yoast SEO plugin. -->","yoast_head_json":{"title":"Folie Village - Folie Village","description":"Vila dhe apartamente luksoze, moderne, t\u00eb nivelit t\u00eb lart\u00eb, t\u00eb kuruara me kujdes n\u00eb destinacionin m\u00eb ikonik dhe unik t\u00eb Mesdheut..","robots":{"index":"index","follow":"follow","max-snippet":"max-snippet:-1","max-image-preview":"max-image-preview:large","max-video-preview":"max-video-preview:-1"},"canonical":"https:\/\/folievillage.com\/sq\/","og_locale":"sq_AL","og_type":"article","og_title":"Folie Village - Folie Village","og_description":"Vila dhe apartamente luksoze, moderne, t\u00eb nivelit t\u00eb lart\u00eb, t\u00eb kuruara me kujdes n\u00eb destinacionin m\u00eb ikonik dhe unik t\u00eb Mesdheut..","og_url":"https:\/\/folievillage.com\/sq\/","og_site_name":"Folie Village","article_modified_time":"2023-03-03T10:29:57+00:00","twitter_card":"summary_large_image","schema":{"@context":"https:\/\/schema.org","@graph":[{"@type":"WebPage","@id":"https:\/\/folievillage.com\/sq\/","url":"https:\/\/folievillage.com\/sq\/","name":"Folie Village - Folie Village","isPartOf":{"@id":"https:\/\/folievillage.com\/#website"},"datePublished":"2022-08-23T09:32:20+00:00","dateModified":"2023-03-03T10:29:57+00:00","description":"Vila dhe apartamente luksoze, moderne, t\u00eb nivelit t\u00eb lart\u00eb, t\u00eb kuruara me kujdes n\u00eb destinacionin m\u00eb ikonik dhe unik t\u00eb Mesdheut..","breadcrumb":{"@id":"https:\/\/folievillage.com\/sq\/#breadcrumb"},"inLanguage":"sq-AL","potentialAction":[{"@type":"ReadAction","target":["https:\/\/folievillage.com\/sq\/"]}]},{"@type":"BreadcrumbList","@id":"https:\/\/folievillage.com\/sq\/#breadcrumb","itemListElement":[{"@type":"ListItem","position":1,"name":"Home","item":"https:\/\/folievillage.com\/sq\/"},{"@type":"ListItem","position":2,"name":"Kryefaqja"}]},{"@type":"WebSite","@id":"https:\/\/folievillage.com\/#website","url":"https:\/\/folievillage.com\/","name":"Folie Village","description":"Folie Village","publisher":{"@id":"https:\/\/folievillage.com\/#organization"},"potentialAction":[{"@type":"SearchAction","target":{"@type":"EntryPoint","urlTemplate":"https:\/\/folievillage.com\/?s={search_term_string}"},"query-input":{"@type":"PropertyValueSpecification","valueRequired":true,"valueName":"search_term_string"}}],"inLanguage":"sq-AL"},{"@type":"Organization","@id":"https:\/\/folievillage.com\/#organization","name":"Folie Village","url":"https:\/\/folievillage.com\/","logo":{"@type":"ImageObject","inLanguage":"sq-AL","@id":"https:\/\/folievillage.com\/#\/schema\/logo\/image\/","url":"https:\/\/folievillage.com\/wp-content\/uploads\/2023\/05\/Logo-Folie.png","contentUrl":"https:\/\/folievillage.com\/wp-content\/uploads\/2023\/05\/Logo-Folie.png","width":1051,"height":582,"caption":"Folie Village"},"image":{"@id":"https:\/\/folievillage.com\/#\/schema\/logo\/image\/"}}]}},"_links":{"self":[{"href":"https:\/\/folievillage.com\/sq\/wp-json\/wp\/v2\/pages\/1782","targetHints":{"allow":["GET"]}}],"collection":[{"href":"https:\/\/folievillage.com\/sq\/wp-json\/wp\/v2\/pages"}],"about":[{"href":"https:\/\/folievillage.com\/sq\/wp-json\/wp\/v2\/types\/page"}],"author":[{"embeddable":true,"href":"https:\/\/folievillage.com\/sq\/wp-json\/wp\/v2\/users\/1"}],"replies":[{"embeddable":true,"href":"https:\/\/folievillage.com\/sq\/wp-json\/wp\/v2\/comments?post=1782"}],"version-history":[{"count":15,"href":"https:\/\/folievillage.com\/sq\/wp-json\/wp\/v2\/pages\/1782\/revisions"}],"predecessor-version":[{"id":1976,"href":"https:\/\/folievillage.com\/sq\/wp-json\/wp\/v2\/pages\/1782\/revisions\/1976"}],"wp:attachment":[{"href":"https:\/\/folievillage.com\/sq\/wp-json\/wp\/v2\/media?parent=1782"}],"curies":[{"name":"wp","href":"https:\/\/api.w.org\/{rel}","templated":true}]}}